{"id":141,"date":"2023-08-29T19:05:31","date_gmt":"2023-08-29T22:05:31","guid":{"rendered":"https:\/\/estudiomaximo.com\/?page_id=141"},"modified":"2023-09-03T19:16:59","modified_gmt":"2023-09-03T22:16:59","slug":"hola","status":"publish","type":"page","link":"https:\/\/estudiomaximo.com\/index.php\/hola\/","title":{"rendered":"Acerca de nosotros&#8230;"},"content":{"rendered":"\n<p><\/p>\n\n\n\n<h2 class=\"wp-block-heading\">Quienes somos?<\/h2>\n\n\n\n<div class=\"wp-block-media-text is-stacked-on-mobile\" style=\"font-size:14px;grid-template-columns:62% auto\"><figure class=\"wp-block-media-text__media\"><img fetchpriority=\"high\" decoding=\"async\" width=\"1024\" height=\"576\" src=\"http:\/\/estudiomaximo.com\/wp-content\/uploads\/2023\/08\/17095-podcasts-la_msica_popular-la_industria_de_la_msica-3840x2160-AzGygbKKDqf59nQp-1024x576.jpg\" alt=\"\" class=\"wp-image-112 size-full\" srcset=\"https:\/\/estudiomaximo.com\/wp-content\/uploads\/2023\/08\/17095-podcasts-la_msica_popular-la_industria_de_la_msica-3840x2160-AzGygbKKDqf59nQp-1024x576.jpg 1024w, https:\/\/estudiomaximo.com\/wp-content\/uploads\/2023\/08\/17095-podcasts-la_msica_popular-la_industria_de_la_msica-3840x2160-AzGygbKKDqf59nQp-300x169.jpg 300w, https:\/\/estudiomaximo.com\/wp-content\/uploads\/2023\/08\/17095-podcasts-la_msica_popular-la_industria_de_la_msica-3840x2160-AzGygbKKDqf59nQp-768x432.jpg 768w, https:\/\/estudiomaximo.com\/wp-content\/uploads\/2023\/08\/17095-podcasts-la_msica_popular-la_industria_de_la_msica-3840x2160-AzGygbKKDqf59nQp-1536x864.jpg 1536w, https:\/\/estudiomaximo.com\/wp-content\/uploads\/2023\/08\/17095-podcasts-la_msica_popular-la_industria_de_la_msica-3840x2160-AzGygbKKDqf59nQp-2048x1152.jpg 2048w\" sizes=\"(max-width: 1024px) 100vw, 1024px\" \/><\/figure><div class=\"wp-block-media-text__content\">\n<p>Con una programaci\u00f3n variada y din\u00e1mica, nos esforzamos por ofrecer una experiencia auditiva enriquecedora para nuestros fieles seguidores. Desde noticias nacionales y provinciales hasta informaci\u00f3n local de inter\u00e9s, nuestro objetivo es mantener a nuestra audiencia al tanto de todo lo que ocurre en su comunidad y m\u00e1s all\u00e1.<\/p>\n<\/div><\/div>\n\n\n\n<div class=\"wp-block-essential-blocks-typing-text\"><div class=\"eb-parent-wrapper eb-parent-eb-typing-text-j6uhqhr \"><div class=\"eb-typed-wrapper eb-typing-text-j6uhqhr\" data-id=\"eb-typing-text-j6uhqhr\"><div class=\"eb-typed-content\" data-type-speed=\"50\" data-start-delay=\"0\" data-smart-backspace=\"true\" data-back-speed=\"40\" data-back-delay=\"700\" data-fade=\"false\" data-fade-delay=\"500\" data-loop=\"false\" data-cursor=\"true\"><span class=\"eb-typed-prefix\"><\/span><span class=\"eb-typed-text-wrapper is-hidden\"><span class=\"eb-typed-text\">Noticias Internacionales<\/span><span class=\"eb-typed-text\">que importan<\/span><\/span><span class=\"eb-typed-view\"><\/span><span class=\"eb-typed-suffix\"><\/span><\/div><\/div><\/div><\/div>\n\n\n\n<p>Sabemos que vivimos en un mundo globalizado, donde los sucesos internacionales tienen un impacto directo en nuestras vidas. Por eso, en nuestra radio te mantendremos al tanto de las \u00faltimas noticias que ocurren en el \u00e1mbito internacional. Desde pol\u00edtica y econom\u00eda hasta cultura y deportes, abarcamos una amplia gama de temas para mantener a nuestros oyentes actualizados y bien informados.<\/p>\n\n\n\n<div style=\"height:27px\" aria-hidden=\"true\" class=\"wp-block-spacer\"><\/div>\n\n\n\n<figure class=\"wp-block-image size-large\"><img decoding=\"async\" width=\"1024\" height=\"683\" src=\"http:\/\/estudiomaximo.com\/wp-content\/uploads\/2023\/09\/periodista-vista-frontal-espacio-copia-1024x683.jpg\" alt=\"\" class=\"wp-image-382\" srcset=\"https:\/\/estudiomaximo.com\/wp-content\/uploads\/2023\/09\/periodista-vista-frontal-espacio-copia-1024x683.jpg 1024w, https:\/\/estudiomaximo.com\/wp-content\/uploads\/2023\/09\/periodista-vista-frontal-espacio-copia-300x200.jpg 300w, https:\/\/estudiomaximo.com\/wp-content\/uploads\/2023\/09\/periodista-vista-frontal-espacio-copia-768x512.jpg 768w, https:\/\/estudiomaximo.com\/wp-content\/uploads\/2023\/09\/periodista-vista-frontal-espacio-copia-1536x1024.jpg 1536w, https:\/\/estudiomaximo.com\/wp-content\/uploads\/2023\/09\/periodista-vista-frontal-espacio-copia.jpg 1920w\" sizes=\"(max-width: 1024px) 100vw, 1024px\" \/><\/figure>\n\n\n\n<div style=\"height:27px\" aria-hidden=\"true\" class=\"wp-block-spacer\"><\/div>\n\n\n\n<p>Adem\u00e1s, contamos con un equipo de periodistas expertos y corresponsales en distintas partes del mundo, quienes nos brindan informaci\u00f3n de primera mano y nos permiten llevar a nuestros oyentes una visi\u00f3n completa y objetiva de los acontecimientos m\u00e1s relevantes a nivel global.<\/p>\n\n\n\n<div class=\"wp-block-essential-blocks-typing-text\"><div class=\"eb-parent-wrapper eb-parent-eb-typing-text-g9eyeod \"><div class=\"eb-typed-wrapper eb-typing-text-g9eyeod\" data-id=\"eb-typing-text-g9eyeod\"><div class=\"eb-typed-content\" data-type-speed=\"50\" data-start-delay=\"0\" data-smart-backspace=\"true\" data-back-speed=\"40\" data-back-delay=\"700\" data-fade=\"false\" data-fade-delay=\"500\" data-loop=\"false\" data-cursor=\"true\"><span class=\"eb-typed-prefix\"><\/span><span class=\"eb-typed-text-wrapper is-hidden\"><span class=\"eb-typed-text\">La actualidad Local<\/span><span class=\"eb-typed-text\">en tus oidos<\/span><\/span><span class=\"eb-typed-view\"><\/span><span class=\"eb-typed-suffix\"><\/span><\/div><\/div><\/div><\/div>\n\n\n\n<figure class=\"wp-block-image size-full\"><img decoding=\"async\" width=\"960\" height=\"709\" src=\"https:\/\/estudiomaximo.com\/wp-content\/uploads\/2023\/09\/informador-turistico.jpg\" alt=\"\" class=\"wp-image-389\" srcset=\"https:\/\/estudiomaximo.com\/wp-content\/uploads\/2023\/09\/informador-turistico.jpg 960w, https:\/\/estudiomaximo.com\/wp-content\/uploads\/2023\/09\/informador-turistico-300x222.jpg 300w, https:\/\/estudiomaximo.com\/wp-content\/uploads\/2023\/09\/informador-turistico-768x567.jpg 768w\" sizes=\"(max-width: 960px) 100vw, 960px\" \/><\/figure>\n\n\n\n<p>No hay nada m\u00e1s importante que estar al tanto de lo que sucede en nuestro propio patio trasero. Es por eso que en nuestra radio nos enorgullece brindar una amplia cobertura de la actualidad local. Desde eventos y actividades comunitarias hasta noticias sobre infraestructura y desarrollo, nos aseguramos de que nuestros oyentes est\u00e9n informados sobre todo lo que ocurre en su ciudad y en los alrededores.<\/p>\n\n\n\n<p><strong>Con\u00e9ctate con nuestra comunidad<\/strong><\/p>\n\n\n\n<p>M\u00e1s all\u00e1 de la informaci\u00f3n y el entretenimiento, nuestra radio es un lugar donde las personas se unen y construyen una comunidad s\u00f3lida. Queremos que te sientas parte de nuestra familia y que sepas que siempre estamos aqu\u00ed para ti. Queremos escuchar tus historias, tus preocupaciones y tus logros. Queremos ser ese hombro en el que apoyarte cuando lo necesites y esa fuente de inspiraci\u00f3n que te motive a seguir adelante.<\/p>\n\n\n\n<p>As\u00ed que \u00fanete a nosotros todos los d\u00edas en nuestra radio en Alvear Oeste. D\u00e9janos ser tu ventana al mundo y descubre junto a nosotros la magia que el mundo tiene para ofrecer. Te prometemos que nunca te aburrir\u00e1s y que siempre encontrar\u00e1s algo nuevo y emocionante para explorar. \u00a1Te esperamos con los brazos abiertos!<\/p>\n","protected":false},"excerpt":{"rendered":"<p>Quienes somos? Con una programaci\u00f3n variada y din\u00e1mica, nos esforzamos por ofrecer una experiencia auditiva [&hellip;]<\/p>\n","protected":false},"author":1,"featured_media":252,"parent":0,"menu_order":0,"comment_status":"closed","ping_status":"closed","template":"","meta":{"_eb_attr":"","footnotes":""},"class_list":["post-141","page","type-page","status-publish","has-post-thumbnail","hentry"],"_links":{"self":[{"href":"https:\/\/estudiomaximo.com\/index.php\/wp-json\/wp\/v2\/pages\/141","targetHints":{"allow":["GET"]}}],"collection":[{"href":"https:\/\/estudiomaximo.com\/index.php\/wp-json\/wp\/v2\/pages"}],"about":[{"href":"https:\/\/estudiomaximo.com\/index.php\/wp-json\/wp\/v2\/types\/page"}],"author":[{"embeddable":true,"href":"https:\/\/estudiomaximo.com\/index.php\/wp-json\/wp\/v2\/users\/1"}],"replies":[{"embeddable":true,"href":"https:\/\/estudiomaximo.com\/index.php\/wp-json\/wp\/v2\/comments?post=141"}],"version-history":[{"count":42,"href":"https:\/\/estudiomaximo.com\/index.php\/wp-json\/wp\/v2\/pages\/141\/revisions"}],"predecessor-version":[{"id":391,"href":"https:\/\/estudiomaximo.com\/index.php\/wp-json\/wp\/v2\/pages\/141\/revisions\/391"}],"wp:featuredmedia":[{"embeddable":true,"href":"https:\/\/estudiomaximo.com\/index.php\/wp-json\/wp\/v2\/media\/252"}],"wp:attachment":[{"href":"https:\/\/estudiomaximo.com\/index.php\/wp-json\/wp\/v2\/media?parent=141"}],"curies":[{"name":"wp","href":"https:\/\/api.w.org\/{rel}","templated":true}]}}